{"id":77,"date":"2022-09-06T12:59:41","date_gmt":"2022-09-06T12:59:41","guid":{"rendered":"https:\/\/digigreen.erasmus.site\/?page_id=77"},"modified":"2022-09-06T13:02:04","modified_gmt":"2022-09-06T13:02:04","slug":"contact-us","status":"publish","type":"page","link":"https:\/\/digigreen.erasmus.site\/pl\/contact-us\/","title":{"rendered":"Contact us"},"content":{"rendered":"<div class=\"wpforms-container wpforms-container-full\" id=\"wpforms-79\"><form id=\"wpforms-form-79\" class=\"wpforms-validate wpforms-form wpforms-ajax-form\" data-formid=\"79\" method=\"post\" enctype=\"multipart\/form-data\" action=\"\/pl\/wp-json\/wp\/v2\/pages\/77\" data-token=\"61119cbdc2e30f34c9a82c2bd09fb10f\" data-token-time=\"1776577000\"><noscript class=\"wpforms-error-noscript\">Aby wype\u0142ni\u0107 ten formularz, w\u0142\u0105cz obs\u0142ug\u0119 JavaScript w przegl\u0105darce.<\/noscript><div class=\"wpforms-field-container\"><div id=\"wpforms-79-field_0-container\" class=\"wpforms-field wpforms-field-name\" data-field-id=\"0\"><label class=\"wpforms-field-label\" for=\"wpforms-79-field_0\">Name <span class=\"wpforms-required-label\">*<\/span><\/label><input type=\"text\" id=\"wpforms-79-field_0\" class=\"wpforms-field-medium wpforms-field-required\" name=\"wpforms[fields][0]\" required><\/div><div id=\"wpforms-79-field_1-container\" class=\"wpforms-field wpforms-field-email\" data-field-id=\"1\"><label class=\"wpforms-field-label\" for=\"wpforms-79-field_1\">Email <span class=\"wpforms-required-label\">*<\/span><\/label><input type=\"email\" id=\"wpforms-79-field_1\" class=\"wpforms-field-medium wpforms-field-required\" name=\"wpforms[fields][1]\" spellcheck=\"false\" required><\/div><div id=\"wpforms-79-field_2-container\" class=\"wpforms-field wpforms-field-textarea\" data-field-id=\"2\"><label class=\"wpforms-field-label\" for=\"wpforms-79-field_2\">Comment or Message <span class=\"wpforms-required-label\">*<\/span><\/label><textarea id=\"wpforms-79-field_2\" class=\"wpforms-field-medium wpforms-field-required\" name=\"wpforms[fields][2]\" required><\/textarea><\/div><div id=\"wpforms-79-field_3-container\" class=\"wpforms-field wpforms-field-checkbox\" data-field-id=\"3\"><ul id=\"wpforms-79-field_3\" class=\"wpforms-field-required\"><li class=\"choice-1 depth-1\"><input type=\"checkbox\" id=\"wpforms-79-field_3_1\" name=\"wpforms[fields][3][]\" value=\"I&#039;m not a robot\" required ><label class=\"wpforms-field-label-inline\" for=\"wpforms-79-field_3_1\">I'm not a robot<\/label><\/li><\/ul><\/div><\/div><!-- .wpforms-field-container --><div class=\"wpforms-submit-container\" ><input type=\"hidden\" name=\"wpforms[id]\" value=\"79\"><input type=\"hidden\" name=\"page_title\" value=\"\"><input type=\"hidden\" name=\"page_url\" value=\"https:\/\/digigreen.erasmus.site\/pl\/wp-json\/wp\/v2\/pages\/77\"><input type=\"hidden\" name=\"url_referer\" value=\"\"><button type=\"submit\" name=\"wpforms[submit]\" id=\"wpforms-submit-79\" class=\"wpforms-submit\" data-alt-text=\"Sending...\" data-submit-text=\"Submit\" aria-live=\"assertive\" value=\"wpforms-submit\">Submit<\/button><img decoding=\"async\" src=\"https:\/\/digigreen.erasmus.site\/wp-content\/plugins\/wpforms-lite\/assets\/images\/submit-spin.svg\" class=\"wpforms-submit-spinner\" style=\"display: none;\" width=\"26\" height=\"26\" alt=\"Wczytywanie\"><\/div><\/form><\/div>  <!-- .wpforms-container -->\n","protected":false},"excerpt":{"rendered":"","protected":false},"author":1,"featured_media":0,"parent":0,"menu_order":0,"comment_status":"closed","ping_status":"closed","template":"","meta":{"neve_meta_sidebar":"","neve_meta_container":"","neve_meta_enable_content_width":"off","neve_meta_content_width":100,"neve_meta_title_alignment":"","neve_meta_author_avatar":"","neve_post_elements_order":"","neve_meta_disable_header":"","neve_meta_disable_footer":"","neve_meta_disable_title":"","footnotes":""},"class_list":["post-77","page","type-page","status-publish","hentry"],"yoast_head":"<!-- This site is optimized with the Yoast SEO plugin v27.4 - https:\/\/yoast.com\/product\/yoast-seo-wordpress\/ -->\n<title>Contact us - DigiGreen<\/title>\n<meta name=\"robots\" content=\"index, follow, max-snippet:-1, max-image-preview:large, max-video-preview:-1\" \/>\n<link rel=\"canonical\" href=\"https:\/\/digigreen.erasmus.site\/pl\/contact-us\/\" \/>\n<meta property=\"og:locale\" content=\"pl_PL\" \/>\n<meta property=\"og:type\" content=\"article\" \/>\n<meta property=\"og:title\" content=\"Contact us - DigiGreen\" \/>\n<meta property=\"og:url\" content=\"https:\/\/digigreen.erasmus.site\/pl\/contact-us\/\" \/>\n<meta property=\"og:site_name\" content=\"DigiGreen\" \/>\n<meta property=\"article:modified_time\" content=\"2022-09-06T13:02:04+00:00\" \/>\n<meta name=\"twitter:card\" content=\"summary_large_image\" \/>\n<script type=\"application\/ld+json\" class=\"yoast-schema-graph\">{\"@context\":\"https:\\\/\\\/schema.org\",\"@graph\":[{\"@type\":\"WebPage\",\"@id\":\"https:\\\/\\\/digigreen.erasmus.site\\\/pl\\\/contact-us\\\/\",\"url\":\"https:\\\/\\\/digigreen.erasmus.site\\\/pl\\\/contact-us\\\/\",\"name\":\"Contact us - DigiGreen\",\"isPartOf\":{\"@id\":\"https:\\\/\\\/digigreen.erasmus.site\\\/pl\\\/#website\"},\"datePublished\":\"2022-09-06T12:59:41+00:00\",\"dateModified\":\"2022-09-06T13:02:04+00:00\",\"breadcrumb\":{\"@id\":\"https:\\\/\\\/digigreen.erasmus.site\\\/pl\\\/contact-us\\\/#breadcrumb\"},\"inLanguage\":\"pl-PL\",\"potentialAction\":[{\"@type\":\"ReadAction\",\"target\":[[\"https:\\\/\\\/digigreen.erasmus.site\\\/pl\\\/contact-us\\\/\"]]}]},{\"@type\":\"BreadcrumbList\",\"@id\":\"https:\\\/\\\/digigreen.erasmus.site\\\/pl\\\/contact-us\\\/#breadcrumb\",\"itemListElement\":[{\"@type\":\"ListItem\",\"position\":1,\"name\":\"Home\",\"item\":\"https:\\\/\\\/digigreen.erasmus.site\\\/pl\\\/\"},{\"@type\":\"ListItem\",\"position\":2,\"name\":\"Contact us\"}]},{\"@type\":\"WebSite\",\"@id\":\"https:\\\/\\\/digigreen.erasmus.site\\\/pl\\\/#website\",\"url\":\"https:\\\/\\\/digigreen.erasmus.site\\\/pl\\\/\",\"name\":\"DigiGreen\",\"description\":\"\",\"publisher\":{\"@id\":\"https:\\\/\\\/digigreen.erasmus.site\\\/pl\\\/#organization\"},\"potentialAction\":[{\"@type\":\"SearchAction\",\"target\":{\"@type\":\"EntryPoint\",\"urlTemplate\":\"https:\\\/\\\/digigreen.erasmus.site\\\/pl\\\/?s={search_term_string}\"},\"query-input\":{\"@type\":\"PropertyValueSpecification\",\"valueRequired\":true,\"valueName\":\"search_term_string\"}}],\"inLanguage\":\"pl-PL\"},{\"@type\":\"Organization\",\"@id\":\"https:\\\/\\\/digigreen.erasmus.site\\\/pl\\\/#organization\",\"name\":\"DigiGreen\",\"url\":\"https:\\\/\\\/digigreen.erasmus.site\\\/pl\\\/\",\"logo\":{\"@type\":\"ImageObject\",\"inLanguage\":\"pl-PL\",\"@id\":\"https:\\\/\\\/digigreen.erasmus.site\\\/pl\\\/#\\\/schema\\\/logo\\\/image\\\/\",\"url\":\"https:\\\/\\\/digigreen.erasmus.site\\\/wp-content\\\/uploads\\\/2022\\\/09\\\/cropped-DIGIGREEN-Logo-Final.jpg\",\"contentUrl\":\"https:\\\/\\\/digigreen.erasmus.site\\\/wp-content\\\/uploads\\\/2022\\\/09\\\/cropped-DIGIGREEN-Logo-Final.jpg\",\"width\":512,\"height\":512,\"caption\":\"DigiGreen\"},\"image\":{\"@id\":\"https:\\\/\\\/digigreen.erasmus.site\\\/pl\\\/#\\\/schema\\\/logo\\\/image\\\/\"}}]}<\/script>\n<!-- \/ Yoast SEO plugin. -->","yoast_head_json":{"title":"Contact us - DigiGreen","robots":{"index":"index","follow":"follow","max-snippet":"max-snippet:-1","max-image-preview":"max-image-preview:large","max-video-preview":"max-video-preview:-1"},"canonical":"https:\/\/digigreen.erasmus.site\/pl\/contact-us\/","og_locale":"pl_PL","og_type":"article","og_title":"Contact us - DigiGreen","og_url":"https:\/\/digigreen.erasmus.site\/pl\/contact-us\/","og_site_name":"DigiGreen","article_modified_time":"2022-09-06T13:02:04+00:00","twitter_card":"summary_large_image","schema":{"@context":"https:\/\/schema.org","@graph":[{"@type":"WebPage","@id":"https:\/\/digigreen.erasmus.site\/pl\/contact-us\/","url":"https:\/\/digigreen.erasmus.site\/pl\/contact-us\/","name":"Contact us - DigiGreen","isPartOf":{"@id":"https:\/\/digigreen.erasmus.site\/pl\/#website"},"datePublished":"2022-09-06T12:59:41+00:00","dateModified":"2022-09-06T13:02:04+00:00","breadcrumb":{"@id":"https:\/\/digigreen.erasmus.site\/pl\/contact-us\/#breadcrumb"},"inLanguage":"pl-PL","potentialAction":[{"@type":"ReadAction","target":[["https:\/\/digigreen.erasmus.site\/pl\/contact-us\/"]]}]},{"@type":"BreadcrumbList","@id":"https:\/\/digigreen.erasmus.site\/pl\/contact-us\/#breadcrumb","itemListElement":[{"@type":"ListItem","position":1,"name":"Home","item":"https:\/\/digigreen.erasmus.site\/pl\/"},{"@type":"ListItem","position":2,"name":"Contact us"}]},{"@type":"WebSite","@id":"https:\/\/digigreen.erasmus.site\/pl\/#website","url":"https:\/\/digigreen.erasmus.site\/pl\/","name":"DigiGreen","description":"","publisher":{"@id":"https:\/\/digigreen.erasmus.site\/pl\/#organization"},"potentialAction":[{"@type":"SearchAction","target":{"@type":"EntryPoint","urlTemplate":"https:\/\/digigreen.erasmus.site\/pl\/?s={search_term_string}"},"query-input":{"@type":"PropertyValueSpecification","valueRequired":true,"valueName":"search_term_string"}}],"inLanguage":"pl-PL"},{"@type":"Organization","@id":"https:\/\/digigreen.erasmus.site\/pl\/#organization","name":"DigiGreen","url":"https:\/\/digigreen.erasmus.site\/pl\/","logo":{"@type":"ImageObject","inLanguage":"pl-PL","@id":"https:\/\/digigreen.erasmus.site\/pl\/#\/schema\/logo\/image\/","url":"https:\/\/digigreen.erasmus.site\/wp-content\/uploads\/2022\/09\/cropped-DIGIGREEN-Logo-Final.jpg","contentUrl":"https:\/\/digigreen.erasmus.site\/wp-content\/uploads\/2022\/09\/cropped-DIGIGREEN-Logo-Final.jpg","width":512,"height":512,"caption":"DigiGreen"},"image":{"@id":"https:\/\/digigreen.erasmus.site\/pl\/#\/schema\/logo\/image\/"}}]}},"_links":{"self":[{"href":"https:\/\/digigreen.erasmus.site\/pl\/wp-json\/wp\/v2\/pages\/77","targetHints":{"allow":["GET"]}}],"collection":[{"href":"https:\/\/digigreen.erasmus.site\/pl\/wp-json\/wp\/v2\/pages"}],"about":[{"href":"https:\/\/digigreen.erasmus.site\/pl\/wp-json\/wp\/v2\/types\/page"}],"author":[{"embeddable":true,"href":"https:\/\/digigreen.erasmus.site\/pl\/wp-json\/wp\/v2\/users\/1"}],"replies":[{"embeddable":true,"href":"https:\/\/digigreen.erasmus.site\/pl\/wp-json\/wp\/v2\/comments?post=77"}],"version-history":[{"count":2,"href":"https:\/\/digigreen.erasmus.site\/pl\/wp-json\/wp\/v2\/pages\/77\/revisions"}],"predecessor-version":[{"id":82,"href":"https:\/\/digigreen.erasmus.site\/pl\/wp-json\/wp\/v2\/pages\/77\/revisions\/82"}],"wp:attachment":[{"href":"https:\/\/digigreen.erasmus.site\/pl\/wp-json\/wp\/v2\/media?parent=77"}],"curies":[{"name":"wp","href":"https:\/\/api.w.org\/{rel}","templated":true}]}}